{"id":5417,"date":"2025-03-14T17:01:48","date_gmt":"2025-03-14T16:01:48","guid":{"rendered":"https:\/\/www.gloriasacasas.com\/serveis-per-a-empreses\/"},"modified":"2025-05-11T19:09:22","modified_gmt":"2025-05-11T17:09:22","slug":"serveis-per-a-empreses","status":"publish","type":"page","link":"https:\/\/www.gloriasacasas.com\/ca\/serveis-per-a-empreses\/","title":{"rendered":"Serveis per a empreses"},"content":{"rendered":"<div class=\"wpb-content-wrapper\"><p>[vc_section full_width=&#8221;stretch_row_content&#8221; css=&#8221;.vc_custom_1741900319021{margin-top: 0px !important;padding-top: 0px !important;}&#8221;][vc_row full_width=&#8221;stretch_row_content_no_spaces&#8221;][vc_column]\n\t\t\t\t<p class=\"rs-p-wp-fix\"><\/p>\n\t\t\t\t<sr7-module data-alias=\"servicios-para-empresas-CAT\" data-id=\"13\" id=\"SR7_13_1\" class=\"rs-ov-hidden\" data-version=\"6.7.37\">\n\t\t\t\t\t<sr7-adjuster><\/sr7-adjuster>\n\t\t\t\t\t<sr7-content>\n\t\t\t\t\t\t<sr7-slide id=\"SR7_13_1-24\" data-key=\"24\">\n\t\t\t\t\t\t\t<sr7-txt id=\"SR7_13_1-24-1\" class=\"sr7-layer\">Serveis integrals <\/br>per a empreses<\/sr7-txt>\n\t\t\t\t\t\t\t<sr7-txt id=\"SR7_13_1-24-2\" class=\"sr7-layer\">Millora la productivitat i organitzaci\u00f3 de la teva empresa<\/br> amb t\u00e8cniques adaptades a cada cas.<\/sr7-txt>\n\t\t\t\t\t\t<\/sr7-slide>\n\t\t\t\t\t\t<sr7-slide id=\"SR7_13_1-25\" data-key=\"25\">\n\t\t\t\t\t\t<\/sr7-slide>\n\t\t\t\t\t<\/sr7-content>\n\t\t\t\t\t<image_lists style=\"display:none\">\n\t\t\t\t\t\t<img data-src=\"\/\/www.gloriasacasas.com\/wp-content\/uploads\/2025\/04\/grupodetrabajo.png\" data-libid=\"5445\" data-lib=\"medialibrary\" title=\"grupodetrabajo\" width=\"0\" height=\"0\" data-dbsrc=\"Ly93d3cuZ2xvcmlhc2FjYXNhcy5jb20vd3AtY29udGVudC91cGxvYWRzLzIwMjUvMDQvZ3J1cG9kZXRyYWJham8ucG5n\"\/>\n\t\t\t\t\t<\/image_lists>\n\t\t\t\t<\/sr7-module>\n\t\t\t\t<script>\n\t\t\t\t\tSR7.PMH ??={}; SR7.PMH[\"SR7_13_1\"] = {cn:100,state:false,fn: function() { if (_tpt!==undefined && _tpt.prepareModuleHeight !== undefined) {  _tpt.prepareModuleHeight({id:\"SR7_13_1\",el:[600,600,768,960,720],type:'standard',shdw:'0',gh:[600,600,495,376,232],gw:[1240,1240,1024,778,480],vpt:['-100px'],size:{fullWidth:true, fullHeight:false},mh:'0',onh:0,onw:0,bg:{color:'{\"orig\":\"transparent\",\"type\":\"solid\",\"string\":\"transparent\"}'}});   SR7.PMH[\"SR7_13_1\"].state=true;} else if(SR7.PMH[\"SR7_13_1\"].cn-->0)\tsetTimeout( SR7.PMH[\"SR7_13_1\"].fn,19);}};SR7.PMH[\"SR7_13_1\" ].fn();\n\t\t\t\t<\/script>\n[\/vc_column][\/vc_row][\/vc_section][vc_row css=&#8221;.vc_custom_1477937476431{margin-bottom: 80px !important;}&#8221;][vc_column]<style type=\"text\/css\">#ut_custom_heading69fb3bbd02298 { color:rgb(4, 172, 175); }#ut_custom_heading69fb3bbd02298 { font-family: \"Montserrat\";font-weight:400;font-style:normal; }#ut_custom_heading69fb3bbd02298 { font-size:40px !important; }#ut_custom_heading69fb3bbd02298 { text-align:left; }@media (min-width: 768px) and (max-width: 1024px) { #ut_custom_heading69fb3bbd02298 { text-align:left; } }@media (max-width: 767px) { #ut_custom_heading69fb3bbd02298 { text-align:left; } }<\/style><h1 id=\"ut_custom_heading69fb3bbd02298\" data-responsive-font=\"h1\" data-responsive-font-settings=\"{&quot;base-font-size&quot;:&quot;40&quot;,&quot;font-size-unit&quot;:&quot;px&quot;,&quot;font-size&quot;:{&quot;desktop_large&quot;:&quot;40&quot;},&quot;base-line-height&quot;:&quot;global&quot;,&quot;base-letter-spacing&quot;:&quot;global&quot;}\" class=\"ut-custom-heading-module  \" ><span class=\"\" >Serveis per a empreses<\/span><\/h1>[vc_empty_space height=&#8221;30px&#8221;][vc_row_inner][vc_column_inner width=&#8221;1\/2&#8243;]<div  class=\"wpb_content_element   clearfix\"><style type=\"text\/css\">#ut_am_69fb3bbd094f6 { opacity: 1; }#ut_am_wrap_69fb3bbd094f8 .ut-image-gallery-item-caption-title h3 { letter-spacing: 0em; }#ut_am_wrap_69fb3bbd094f8 .ut-gallery-slider-caption { font-weight: bold; }#ut_am_wrap_69fb3bbd094f8 { text-align: left; }@media (min-width: 768px) and (max-width: 1024px) { #ut_am_wrap_69fb3bbd094f8 { text-align: left !important; } }@media (max-width: 767px) { #ut_am_wrap_69fb3bbd094f8 { text-align: center !important; } }<\/style><div id=\"ut_am_wrap_69fb3bbd094f8\" class=\"ut-image-gallery-image \"><div id=\"ut_reveal_69fb3bbd094fa\"  data-appear-top-offset=\"auto\" class=\"ut-animated-image-item ut-image-gallery-item ut-animation-done \"><a class=\"ut-deactivated-link\" href=\"#\"><div class=\"ut-animated-image-zoom\"><img loading=\"lazy\" decoding=\"async\" class=\"ut-lazy skip-lazy ut-animated-image \"  id=\"ut_am_69fb3bbd094f6\" src=\"data:image\/svg+xml;charset=utf-8,%3Csvg xmlns%3D'http%3A%2F%2Fwww.w3.org%2F2000%2Fsvg' viewBox%3D'0 0 1068 600'%2F%3E\" data-src=\"https:\/\/www.gloriasacasas.com\/wp-content\/uploads\/2025\/03\/lidercoaching.jpg\" width=\"1068\" height=\"600\" alt=\"\"\/><\/div><\/a><\/div><\/div><\/div>[\/vc_column_inner][vc_column_inner width=&#8221;1\/2&#8243;]<style type=\"text\/css\">#ut_custom_heading69fb3bbd095e5 { color:rgb(4, 172, 175); }#ut_custom_heading69fb3bbd095e5 { font-family: \"Montserrat\";font-weight:700;font-style:normal; }#ut_custom_heading69fb3bbd095e5 { font-size:30px !important; }#ut_custom_heading69fb3bbd095e5 { text-align:left; }@media (min-width: 768px) and (max-width: 1024px) { #ut_custom_heading69fb3bbd095e5 { text-align:left; } }@media (max-width: 767px) { #ut_custom_heading69fb3bbd095e5 { text-align:left; } }<\/style><h1 id=\"ut_custom_heading69fb3bbd095e5\" data-responsive-font=\"h1\" data-responsive-font-settings=\"{&quot;base-font-size&quot;:&quot;global&quot;,&quot;font-size&quot;:{&quot;desktop_large&quot;:&quot;30&quot;},&quot;base-line-height&quot;:&quot;global&quot;,&quot;base-letter-spacing&quot;:&quot;global&quot;}\" class=\"ut-custom-heading-module  \" ><span class=\"\" >L\u00edder Coach<\/span><\/h1>[vc_column_text]El\u00a0coaching\u00a0d&#8217;empresa, va dirigit a l\u00edders d&#8217;equips laborals que vulguin enfortir la comunicaci\u00f3, la col\u00b7laboraci\u00f3 i el lideratge per a aconseguir resultats excepcionals.<\/p>\n<p>Explora les teves fortaleses per a liderar aquests comportaments que beneficien el teu entorn per a poder inspirar i aconseguir una major cohesi\u00f3 d&#8217;equip.[\/vc_column_text][\/vc_column_inner][\/vc_row_inner][vc_empty_space height=&#8221;50px&#8221;][vc_row_inner content_placement=&#8221;middle&#8221;][vc_column_inner width=&#8221;1\/2&#8243;]<div  class=\"wpb_content_element   clearfix\"><style type=\"text\/css\">#ut_am_69fb3bbd09c86 { opacity: 1; }#ut_am_wrap_69fb3bbd09c88 .ut-image-gallery-item-caption-title h3 { letter-spacing: 0em; }#ut_am_wrap_69fb3bbd09c88 .ut-gallery-slider-caption { font-weight: bold; }#ut_am_wrap_69fb3bbd09c88 { text-align: left; }@media (min-width: 768px) and (max-width: 1024px) { #ut_am_wrap_69fb3bbd09c88 { text-align: left !important; } }@media (max-width: 767px) { #ut_am_wrap_69fb3bbd09c88 { text-align: center !important; } }<\/style><div id=\"ut_am_wrap_69fb3bbd09c88\" class=\"ut-image-gallery-image \"><div id=\"ut_reveal_69fb3bbd09c89\"  data-appear-top-offset=\"auto\" class=\"ut-animated-image-item ut-image-gallery-item ut-animation-done \"><a class=\"ut-deactivated-link\" href=\"#\"><div class=\"ut-animated-image-zoom\"><img loading=\"lazy\" decoding=\"async\" class=\"ut-lazy skip-lazy ut-animated-image \"  id=\"ut_am_69fb3bbd09c86\" src=\"data:image\/svg+xml;charset=utf-8,%3Csvg xmlns%3D'http%3A%2F%2Fwww.w3.org%2F2000%2Fsvg' viewBox%3D'0 0 600 432'%2F%3E\" data-src=\"https:\/\/www.gloriasacasas.com\/wp-content\/uploads\/2025\/03\/coaching-empresarial-2.jpg\" width=\"600\" height=\"432\" alt=\"\"\/><\/div><\/a><\/div><\/div><\/div>[\/vc_column_inner][vc_column_inner width=&#8221;1\/2&#8243;]<style type=\"text\/css\">#ut_custom_heading69fb3bbd09d38 { color:rgb(4, 172, 175); }#ut_custom_heading69fb3bbd09d38 { font-family: \"Montserrat\";font-weight:700;font-style:normal; }#ut_custom_heading69fb3bbd09d38 { font-size:30px !important; }#ut_custom_heading69fb3bbd09d38 { text-align:left; }@media (min-width: 768px) and (max-width: 1024px) { #ut_custom_heading69fb3bbd09d38 { text-align:left; } }@media (max-width: 767px) { #ut_custom_heading69fb3bbd09d38 { text-align:left; } }<\/style><h1 id=\"ut_custom_heading69fb3bbd09d38\" data-responsive-font=\"h1\" data-responsive-font-settings=\"{&quot;base-font-size&quot;:&quot;global&quot;,&quot;font-size&quot;:{&quot;desktop_large&quot;:&quot;30&quot;},&quot;base-line-height&quot;:&quot;global&quot;,&quot;base-letter-spacing&quot;:&quot;global&quot;}\" class=\"ut-custom-heading-module  \" ><span class=\"\" >Coaching per a equips<\/span><\/h1>[vc_column_text]Dissenyem un programa <strong><span style=\"color: rgba(4, 172, 175, 1);\">espec\u00edfic per a cobrir les necessitats dels equips de treball, de qualsevol grand\u00e0ria.<\/span><\/strong><\/p>\n<p>Facilitem el desenvolupament d&#8217;habilitats col\u00b7lectives, fomentant la confian\u00e7a m\u00fatua, alineem els objectius individuals amb els objectius de l&#8217;equip i de l&#8217;organitzaci\u00f3. L&#8217;objectiu \u00e9s millorar la cohesi\u00f3, la comunicaci\u00f3 i el rendiment dels equips en un entorn professional.[\/vc_column_text][\/vc_column_inner][\/vc_row_inner][vc_empty_space height=&#8221;50px&#8221;][vc_row_inner content_placement=&#8221;middle&#8221;][vc_column_inner width=&#8221;1\/2&#8243;]<div  class=\"wpb_content_element   clearfix\"><style type=\"text\/css\">#ut_am_69fb3bbd0a376 { opacity: 1; }#ut_am_wrap_69fb3bbd0a377 .ut-image-gallery-item-caption-title h3 { letter-spacing: 0em; }#ut_am_wrap_69fb3bbd0a377 .ut-gallery-slider-caption { font-weight: bold; }#ut_am_wrap_69fb3bbd0a377 { text-align: left; }@media (min-width: 768px) and (max-width: 1024px) { #ut_am_wrap_69fb3bbd0a377 { text-align: left !important; } }@media (max-width: 767px) { #ut_am_wrap_69fb3bbd0a377 { text-align: center !important; } }<\/style><div id=\"ut_am_wrap_69fb3bbd0a377\" class=\"ut-image-gallery-image \"><div id=\"ut_reveal_69fb3bbd0a378\"  data-appear-top-offset=\"auto\" class=\"ut-animated-image-item ut-image-gallery-item ut-animation-done \"><a class=\"ut-deactivated-link\" href=\"#\"><div class=\"ut-animated-image-zoom\"><img loading=\"lazy\" decoding=\"async\" class=\"ut-lazy skip-lazy ut-animated-image \"  id=\"ut_am_69fb3bbd0a376\" src=\"data:image\/svg+xml;charset=utf-8,%3Csvg xmlns%3D'http%3A%2F%2Fwww.w3.org%2F2000%2Fsvg' viewBox%3D'0 0 777 521'%2F%3E\" data-src=\"https:\/\/www.gloriasacasas.com\/wp-content\/uploads\/2025\/03\/coachingindividual.png\" width=\"777\" height=\"521\" alt=\"\"\/><\/div><\/a><\/div><\/div><\/div>[\/vc_column_inner][vc_column_inner width=&#8221;1\/2&#8243;]<style type=\"text\/css\">#ut_custom_heading69fb3bbd0a42f { color:rgb(4, 172, 175); }#ut_custom_heading69fb3bbd0a42f { font-family: \"Montserrat\";font-weight:700;font-style:normal; }#ut_custom_heading69fb3bbd0a42f { font-size:30px !important; }#ut_custom_heading69fb3bbd0a42f { text-align:left; }@media (min-width: 768px) and (max-width: 1024px) { #ut_custom_heading69fb3bbd0a42f { text-align:left; } }@media (max-width: 767px) { #ut_custom_heading69fb3bbd0a42f { text-align:left; } }<\/style><h1 id=\"ut_custom_heading69fb3bbd0a42f\" data-responsive-font=\"h1\" data-responsive-font-settings=\"{&quot;base-font-size&quot;:&quot;global&quot;,&quot;font-size&quot;:{&quot;desktop_large&quot;:&quot;30&quot;},&quot;base-line-height&quot;:&quot;global&quot;,&quot;base-letter-spacing&quot;:&quot;global&quot;}\" class=\"ut-custom-heading-module  \" ><span class=\"\" >Coaching individual<\/span><\/h1>[vc_column_text]<strong><span style=\"color: rgba(4, 172, 175, 1);\">Viu una experi\u00e8ncia personalitzada!<\/span><\/strong><\/p>\n<p>Est\u00e0 dissenyada per a ajudar-te a aconseguir els teus objectius personals i professionals, a trav\u00e9s de les sessions un-a-un. T&#8217;ofereixo un espai segur i confidencial on explorar els teus desafiaments, fortaleses i estrat\u00e9gias efectives per a l&#8217;\u00e8xit.[\/vc_column_text][\/vc_column_inner][\/vc_row_inner][\/vc_column][\/vc_row][vc_row disable_element=&#8221;yes&#8221; css=&#8221;.vc_custom_1746611350298{margin-bottom: 0px !important;background-color: rgb(4, 172, 175) !important;}&#8221;][vc_column width=&#8221;1\/3&#8243;]<div class=\"wpb_content_element \"><style type=\"text\/css\">#ut_sc_69fb3bbd0a4cf .ut-service-column h3 { color: #ffffff; }#ut_sc_69fb3bbd0a4cf .ut-service-column.ut-service-column-horiz h3 { font-size:18px !important; }#ut_sc_69fb3bbd0a4cf .ut-service-column.ut-service-column-horiz p { font-size:16px !important; }#ut_sc_69fb3bbd0a4cf .ut-service-column p { color: #ffffff; }#ut_sc_69fb3bbd0a4cf .ut-service-column p { margin-top: 0px; }#ut_sc_69fb3bbd0a4cf .ut-service-column a.ut-service-column-link { font-size: 12px; }#ut-svg-69fb3bbd0a4d0 { display:none; }#ut-svg-69fb3bbd0a4d0.ut-svg-loaded { display:block; }#ut-svg-69fb3bbd0a4d0 path { stroke:rgba(4, 172, 175, 1); }<\/style><div id=\"ut_sc_69fb3bbd0a4cf\"  class=\"ut-horizontal-style ut-horizontal-style-align-left  clearfix \" ><figure class=\"ut-service-icon  ut-service-icon-normal ut-service-icon-large\"><i style=\"color: #ffffff;\" class=\"fa fa fa-solid fa fa-mobile-alt\"><\/i><\/figure><div class=\"ut-service-column ut-service-column-horiz\"><h3 data-responsive-font=\"h3\" data-responsive-font-settings=\"{&quot;base-font-size&quot;:&quot;global&quot;,&quot;font-size&quot;:{&quot;desktop_large&quot;:&quot;18&quot;},&quot;base-line-height&quot;:&quot;global&quot;,&quot;base-letter-spacing&quot;:&quot;global&quot;}\">TRUCA'M<\/h3><p class=\"element-with-custom-line-height\" data-responsive-font=\"p\" data-responsive-font-settings=\"{&quot;base-font-size&quot;:&quot;16&quot;,&quot;font-size&quot;:{&quot;desktop_large&quot;:&quot;16&quot;},&quot;base-line-height&quot;:&quot;global&quot;,&quot;base-letter-spacing&quot;:&quot;global&quot;}\">+34 609 27 26 23<\/p><\/div><\/div><\/div>[\/vc_column][vc_column width=&#8221;1\/3&#8243;]<div class=\"wpb_content_element \"><style type=\"text\/css\">#ut_sc_69fb3bbd0a598 .ut-service-column h3 { color: #ffffff; }#ut_sc_69fb3bbd0a598 .ut-service-column.ut-service-column-horiz h3 { font-size:16px !important; }#ut_sc_69fb3bbd0a598 .ut-service-column.ut-service-column-horiz p { font-size:16px !important; }#ut_sc_69fb3bbd0a598 .ut-service-column p { color: #ffffff; }#ut_sc_69fb3bbd0a598 .ut-service-column p { margin-top: 0px; }#ut_sc_69fb3bbd0a598 .ut-service-column a.ut-service-column-link { font-size: 12px; }#ut-svg-69fb3bbd0a59a { display:none; }#ut-svg-69fb3bbd0a59a.ut-svg-loaded { display:block; }#ut-svg-69fb3bbd0a59a path { stroke:rgba(4, 172, 175, 1); }<\/style><div id=\"ut_sc_69fb3bbd0a598\"  class=\"ut-horizontal-style ut-horizontal-style-align-left  clearfix \" ><figure class=\"ut-service-icon  ut-service-icon-normal ut-service-icon-large\"><i style=\"color: #ffffff;\" class=\"fa fa fa-regular fa fa-envelope\"><\/i><\/figure><div class=\"ut-service-column ut-service-column-horiz\"><h3 data-responsive-font=\"h3\" data-responsive-font-settings=\"{&quot;base-font-size&quot;:&quot;16&quot;,&quot;font-size&quot;:{&quot;desktop_large&quot;:&quot;16&quot;},&quot;base-line-height&quot;:&quot;global&quot;,&quot;base-letter-spacing&quot;:&quot;global&quot;}\">EMAIL<\/h3><p class=\"element-with-custom-line-height\" data-responsive-font=\"p\" data-responsive-font-settings=\"{&quot;base-font-size&quot;:&quot;16&quot;,&quot;font-size&quot;:{&quot;desktop_large&quot;:&quot;16&quot;},&quot;base-line-height&quot;:&quot;global&quot;,&quot;base-letter-spacing&quot;:&quot;global&quot;}\">gloriasacasasgarriga@gmail.com<\/p><\/div><\/div><\/div>[\/vc_column][vc_column width=&#8221;1\/3&#8243;]<div class=\"wpb_content_element \"><style type=\"text\/css\">#ut_sc_69fb3bbd0a63e .ut-service-column h3 { color: #ffffff; }#ut_sc_69fb3bbd0a63e .ut-service-column.ut-service-column-horiz h3 { font-size:16px !important; }#ut_sc_69fb3bbd0a63e .ut-service-column.ut-service-column-horiz p { font-size:16px !important; }#ut_sc_69fb3bbd0a63e .ut-service-column p { color: #ffffff; }#ut_sc_69fb3bbd0a63e .ut-service-column p { margin-top: 0px; }#ut_sc_69fb3bbd0a63e .ut-service-column a.ut-service-column-link { font-size: 12px; }#ut-svg-69fb3bbd0a640 { display:none; }#ut-svg-69fb3bbd0a640.ut-svg-loaded { display:block; }#ut-svg-69fb3bbd0a640 path { stroke:rgba(4, 172, 175, 1); }<\/style><div id=\"ut_sc_69fb3bbd0a63e\"  class=\"ut-horizontal-style ut-horizontal-style-align-left  clearfix \" ><figure class=\"ut-service-icon  ut-service-icon-normal ut-service-icon-large\"><i style=\"color: #ffffff;\" class=\"fa fa fa-solid fa fa-wifi\"><\/i><\/figure><div class=\"ut-service-column ut-service-column-horiz\"><h3 data-responsive-font=\"h3\" data-responsive-font-settings=\"{&quot;base-font-size&quot;:&quot;16&quot;,&quot;font-size&quot;:{&quot;desktop_large&quot;:&quot;16&quot;},&quot;base-line-height&quot;:&quot;global&quot;,&quot;base-letter-spacing&quot;:&quot;global&quot;}\">P\u00c0GINA WEB<\/h3><p class=\"element-with-custom-line-height\" data-responsive-font=\"p\" data-responsive-font-settings=\"{&quot;base-font-size&quot;:&quot;16&quot;,&quot;font-size&quot;:{&quot;desktop_large&quot;:&quot;16&quot;},&quot;base-line-height&quot;:&quot;global&quot;,&quot;base-letter-spacing&quot;:&quot;global&quot;}\">www.gloriasacasas.com<\/p><\/div><\/div><\/div>[\/vc_column][\/vc_row]<\/p>\n<\/div>","protected":false},"excerpt":{"rendered":"<p>[vc_section full_width=&#8221;stretch_row_content&#8221; css=&#8221;.vc_custom_1741900319021{margin-top: 0px !important;padding-top: 0px !important;}&#8221;][vc_row full_width=&#8221;stretch_row_content_no_spaces&#8221;][vc_column][\/vc_column][\/vc_row][\/vc_section][vc_row css=&#8221;.vc_custom_1477937476431{margin-bottom: 80px !important;}&#8221;][vc_column][vc_empty_space height=&#8221;30px&#8221;][vc_row_inner][vc_column_inner width=&#8221;1\/2&#8243;][\/vc_column_inner][vc_column_inner width=&#8221;1\/2&#8243;][vc_column_text]El\u00a0coaching\u00a0d&#8217;empresa, va dirigit a l\u00edders d&#8217;equips laborals que vulguin enfortir la comunicaci\u00f3, la col\u00b7laboraci\u00f3 i el lideratge per a aconseguir resultats excepcionals. Explora les teves fortaleses per a liderar aquests comportaments que beneficien el teu entorn per a poder inspirar i aconseguir [&hellip;]<\/p>\n","protected":false},"author":1,"featured_media":0,"parent":0,"menu_order":0,"comment_status":"closed","ping_status":"closed","template":"","meta":{"footnotes":""},"class_list":["post-5417","page","type-page","status-publish","hentry"],"yoast_head":"<!-- This site is optimized with the Yoast SEO plugin v27.5 - https:\/\/yoast.com\/product\/yoast-seo-wordpress\/ -->\n<title>Serveis per a empreses - Gloria Sacasas Coaching<\/title>\n<meta name=\"robots\" content=\"index, follow, max-snippet:-1, max-image-preview:large, max-video-preview:-1\" \/>\n<link rel=\"canonical\" href=\"https:\/\/www.gloriasacasas.com\/ca\/serveis-per-a-empreses\/\" \/>\n<meta property=\"og:locale\" content=\"ca_ES\" \/>\n<meta property=\"og:type\" content=\"article\" \/>\n<meta property=\"og:title\" content=\"Serveis per a empreses - Gloria Sacasas Coaching\" \/>\n<meta property=\"og:description\" content=\"[vc_section full_width=&#8221;stretch_row_content&#8221; css=&#8221;.vc_custom_1741900319021{margin-top: 0px !important;padding-top: 0px !important;}&#8221;][vc_row full_width=&#8221;stretch_row_content_no_spaces&#8221;][vc_column][\/vc_column][\/vc_row][\/vc_section][vc_row css=&#8221;.vc_custom_1477937476431{margin-bottom: 80px !important;}&#8221;][vc_column][vc_empty_space height=&#8221;30px&#8221;][vc_row_inner][vc_column_inner width=&#8221;1\/2&#8243;][\/vc_column_inner][vc_column_inner width=&#8221;1\/2&#8243;][vc_column_text]El\u00a0coaching\u00a0d&#8217;empresa, va dirigit a l\u00edders d&#8217;equips laborals que vulguin enfortir la comunicaci\u00f3, la col\u00b7laboraci\u00f3 i el lideratge per a aconseguir resultats excepcionals. Explora les teves fortaleses per a liderar aquests comportaments que beneficien el teu entorn per a poder inspirar i aconseguir [&hellip;]\" \/>\n<meta property=\"og:url\" content=\"https:\/\/www.gloriasacasas.com\/ca\/serveis-per-a-empreses\/\" \/>\n<meta property=\"og:site_name\" content=\"Gloria Sacasas Coaching\" \/>\n<meta property=\"article:modified_time\" content=\"2025-05-11T17:09:22+00:00\" \/>\n<meta name=\"twitter:card\" content=\"summary_large_image\" \/>\n<meta name=\"twitter:label1\" content=\"Temps estimat de lectura\" \/>\n\t<meta name=\"twitter:data1\" content=\"3 minuts\" \/>\n<script type=\"application\/ld+json\" class=\"yoast-schema-graph\">{\"@context\":\"https:\\\/\\\/schema.org\",\"@graph\":[{\"@type\":\"WebPage\",\"@id\":\"https:\\\/\\\/www.gloriasacasas.com\\\/ca\\\/serveis-per-a-empreses\\\/\",\"url\":\"https:\\\/\\\/www.gloriasacasas.com\\\/ca\\\/serveis-per-a-empreses\\\/\",\"name\":\"Serveis per a empreses - Gloria Sacasas Coaching\",\"isPartOf\":{\"@id\":\"https:\\\/\\\/www.gloriasacasas.com\\\/ca\\\/#website\"},\"datePublished\":\"2025-03-14T16:01:48+00:00\",\"dateModified\":\"2025-05-11T17:09:22+00:00\",\"breadcrumb\":{\"@id\":\"https:\\\/\\\/www.gloriasacasas.com\\\/ca\\\/serveis-per-a-empreses\\\/#breadcrumb\"},\"inLanguage\":\"ca\",\"potentialAction\":[{\"@type\":\"ReadAction\",\"target\":[\"https:\\\/\\\/www.gloriasacasas.com\\\/ca\\\/serveis-per-a-empreses\\\/\"]}]},{\"@type\":\"BreadcrumbList\",\"@id\":\"https:\\\/\\\/www.gloriasacasas.com\\\/ca\\\/serveis-per-a-empreses\\\/#breadcrumb\",\"itemListElement\":[{\"@type\":\"ListItem\",\"position\":1,\"name\":\"Portada\",\"item\":\"https:\\\/\\\/www.gloriasacasas.com\\\/ca\\\/\"},{\"@type\":\"ListItem\",\"position\":2,\"name\":\"Serveis per a empreses\"}]},{\"@type\":\"WebSite\",\"@id\":\"https:\\\/\\\/www.gloriasacasas.com\\\/ca\\\/#website\",\"url\":\"https:\\\/\\\/www.gloriasacasas.com\\\/ca\\\/\",\"name\":\"Gloria Sacasas Coaching\",\"description\":\"Coaching Barcelona\",\"publisher\":{\"@id\":\"https:\\\/\\\/www.gloriasacasas.com\\\/ca\\\/#organization\"},\"potentialAction\":[{\"@type\":\"SearchAction\",\"target\":{\"@type\":\"EntryPoint\",\"urlTemplate\":\"https:\\\/\\\/www.gloriasacasas.com\\\/ca\\\/?s={search_term_string}\"},\"query-input\":{\"@type\":\"PropertyValueSpecification\",\"valueRequired\":true,\"valueName\":\"search_term_string\"}}],\"inLanguage\":\"ca\"},{\"@type\":\"Organization\",\"@id\":\"https:\\\/\\\/www.gloriasacasas.com\\\/ca\\\/#organization\",\"name\":\"Gloria Sacasas Coaching\",\"url\":\"https:\\\/\\\/www.gloriasacasas.com\\\/ca\\\/\",\"logo\":{\"@type\":\"ImageObject\",\"inLanguage\":\"ca\",\"@id\":\"https:\\\/\\\/www.gloriasacasas.com\\\/ca\\\/#\\\/schema\\\/logo\\\/image\\\/\",\"url\":\"https:\\\/\\\/www.gloriasacasas.com\\\/wp-content\\\/uploads\\\/2025\\\/02\\\/favicon.png\",\"contentUrl\":\"https:\\\/\\\/www.gloriasacasas.com\\\/wp-content\\\/uploads\\\/2025\\\/02\\\/favicon.png\",\"width\":198,\"height\":254,\"caption\":\"Gloria Sacasas Coaching\"},\"image\":{\"@id\":\"https:\\\/\\\/www.gloriasacasas.com\\\/ca\\\/#\\\/schema\\\/logo\\\/image\\\/\"},\"sameAs\":[\"https:\\\/\\\/www.instagram.com\\\/gloria_coaching\\\/\"]}]}<\/script>\n<!-- \/ Yoast SEO plugin. -->","yoast_head_json":{"title":"Serveis per a empreses - Gloria Sacasas Coaching","robots":{"index":"index","follow":"follow","max-snippet":"max-snippet:-1","max-image-preview":"max-image-preview:large","max-video-preview":"max-video-preview:-1"},"canonical":"https:\/\/www.gloriasacasas.com\/ca\/serveis-per-a-empreses\/","og_locale":"ca_ES","og_type":"article","og_title":"Serveis per a empreses - Gloria Sacasas Coaching","og_description":"[vc_section full_width=&#8221;stretch_row_content&#8221; css=&#8221;.vc_custom_1741900319021{margin-top: 0px !important;padding-top: 0px !important;}&#8221;][vc_row full_width=&#8221;stretch_row_content_no_spaces&#8221;][vc_column][\/vc_column][\/vc_row][\/vc_section][vc_row css=&#8221;.vc_custom_1477937476431{margin-bottom: 80px !important;}&#8221;][vc_column][vc_empty_space height=&#8221;30px&#8221;][vc_row_inner][vc_column_inner width=&#8221;1\/2&#8243;][\/vc_column_inner][vc_column_inner width=&#8221;1\/2&#8243;][vc_column_text]El\u00a0coaching\u00a0d&#8217;empresa, va dirigit a l\u00edders d&#8217;equips laborals que vulguin enfortir la comunicaci\u00f3, la col\u00b7laboraci\u00f3 i el lideratge per a aconseguir resultats excepcionals. Explora les teves fortaleses per a liderar aquests comportaments que beneficien el teu entorn per a poder inspirar i aconseguir [&hellip;]","og_url":"https:\/\/www.gloriasacasas.com\/ca\/serveis-per-a-empreses\/","og_site_name":"Gloria Sacasas Coaching","article_modified_time":"2025-05-11T17:09:22+00:00","twitter_card":"summary_large_image","twitter_misc":{"Temps estimat de lectura":"3 minuts"},"schema":{"@context":"https:\/\/schema.org","@graph":[{"@type":"WebPage","@id":"https:\/\/www.gloriasacasas.com\/ca\/serveis-per-a-empreses\/","url":"https:\/\/www.gloriasacasas.com\/ca\/serveis-per-a-empreses\/","name":"Serveis per a empreses - Gloria Sacasas Coaching","isPartOf":{"@id":"https:\/\/www.gloriasacasas.com\/ca\/#website"},"datePublished":"2025-03-14T16:01:48+00:00","dateModified":"2025-05-11T17:09:22+00:00","breadcrumb":{"@id":"https:\/\/www.gloriasacasas.com\/ca\/serveis-per-a-empreses\/#breadcrumb"},"inLanguage":"ca","potentialAction":[{"@type":"ReadAction","target":["https:\/\/www.gloriasacasas.com\/ca\/serveis-per-a-empreses\/"]}]},{"@type":"BreadcrumbList","@id":"https:\/\/www.gloriasacasas.com\/ca\/serveis-per-a-empreses\/#breadcrumb","itemListElement":[{"@type":"ListItem","position":1,"name":"Portada","item":"https:\/\/www.gloriasacasas.com\/ca\/"},{"@type":"ListItem","position":2,"name":"Serveis per a empreses"}]},{"@type":"WebSite","@id":"https:\/\/www.gloriasacasas.com\/ca\/#website","url":"https:\/\/www.gloriasacasas.com\/ca\/","name":"Gloria Sacasas Coaching","description":"Coaching Barcelona","publisher":{"@id":"https:\/\/www.gloriasacasas.com\/ca\/#organization"},"potentialAction":[{"@type":"SearchAction","target":{"@type":"EntryPoint","urlTemplate":"https:\/\/www.gloriasacasas.com\/ca\/?s={search_term_string}"},"query-input":{"@type":"PropertyValueSpecification","valueRequired":true,"valueName":"search_term_string"}}],"inLanguage":"ca"},{"@type":"Organization","@id":"https:\/\/www.gloriasacasas.com\/ca\/#organization","name":"Gloria Sacasas Coaching","url":"https:\/\/www.gloriasacasas.com\/ca\/","logo":{"@type":"ImageObject","inLanguage":"ca","@id":"https:\/\/www.gloriasacasas.com\/ca\/#\/schema\/logo\/image\/","url":"https:\/\/www.gloriasacasas.com\/wp-content\/uploads\/2025\/02\/favicon.png","contentUrl":"https:\/\/www.gloriasacasas.com\/wp-content\/uploads\/2025\/02\/favicon.png","width":198,"height":254,"caption":"Gloria Sacasas Coaching"},"image":{"@id":"https:\/\/www.gloriasacasas.com\/ca\/#\/schema\/logo\/image\/"},"sameAs":["https:\/\/www.instagram.com\/gloria_coaching\/"]}]}},"_links":{"self":[{"href":"https:\/\/www.gloriasacasas.com\/ca\/wp-json\/wp\/v2\/pages\/5417","targetHints":{"allow":["GET"]}}],"collection":[{"href":"https:\/\/www.gloriasacasas.com\/ca\/wp-json\/wp\/v2\/pages"}],"about":[{"href":"https:\/\/www.gloriasacasas.com\/ca\/wp-json\/wp\/v2\/types\/page"}],"author":[{"embeddable":true,"href":"https:\/\/www.gloriasacasas.com\/ca\/wp-json\/wp\/v2\/users\/1"}],"replies":[{"embeddable":true,"href":"https:\/\/www.gloriasacasas.com\/ca\/wp-json\/wp\/v2\/comments?post=5417"}],"version-history":[{"count":10,"href":"https:\/\/www.gloriasacasas.com\/ca\/wp-json\/wp\/v2\/pages\/5417\/revisions"}],"predecessor-version":[{"id":5504,"href":"https:\/\/www.gloriasacasas.com\/ca\/wp-json\/wp\/v2\/pages\/5417\/revisions\/5504"}],"wp:attachment":[{"href":"https:\/\/www.gloriasacasas.com\/ca\/wp-json\/wp\/v2\/media?parent=5417"}],"curies":[{"name":"wp","href":"https:\/\/api.w.org\/{rel}","templated":true}]}}