{"id":5407,"date":"2025-03-14T20:18:10","date_gmt":"2025-03-14T19:18:10","guid":{"rendered":"https:\/\/www.gloriasacasas.com\/mes-sombre-mi\/"},"modified":"2025-05-11T19:23:45","modified_gmt":"2025-05-11T17:23:45","slug":"mes-sombre-mi","status":"publish","type":"page","link":"https:\/\/www.gloriasacasas.com\/ca\/mes-sombre-mi\/","title":{"rendered":"M\u00e9s sombre mi"},"content":{"rendered":"<div class=\"wpb-content-wrapper\"><p>[vc_section full_width=&#8221;stretch_row_content&#8221; css=&#8221;.vc_custom_1741900319021{margin-top: 0px !important;padding-top: 0px !important;}&#8221;][vc_row full_width=&#8221;stretch_row_content_no_spaces&#8221;][vc_column]\n\t\t\t\t<p class=\"rs-p-wp-fix\"><\/p>\n\t\t\t\t<sr7-module data-alias=\"mi-formacion-CAT\" data-id=\"15\" id=\"SR7_15_1\" class=\"rs-ov-hidden\" data-version=\"6.7.37\">\n\t\t\t\t\t<sr7-adjuster><\/sr7-adjuster>\n\t\t\t\t\t<sr7-content>\n\t\t\t\t\t\t<sr7-slide id=\"SR7_15_1-28\" data-key=\"28\">\n\t\t\t\t\t\t\t<sr7-txt id=\"SR7_15_1-28-1\" class=\"sr7-layer\">M\u00e9s sobre mi<\/sr7-txt>\n\t\t\t\t\t\t\t<sr7-txt id=\"SR7_15_1-28-2\" class=\"sr7-layer\">El teu viatge cap a una vida m\u00e9s plena i satisfact\u00f2ria <\/br> comen\u00e7a ara!<\/sr7-txt>\n\t\t\t\t\t\t<\/sr7-slide>\n\t\t\t\t\t\t<sr7-slide id=\"SR7_15_1-29\" data-key=\"29\">\n\t\t\t\t\t\t<\/sr7-slide>\n\t\t\t\t\t<\/sr7-content>\n\t\t\t\t\t<image_lists style=\"display:none\">\n\t\t\t\t\t\t<img data-src=\"\/\/www.gloriasacasas.com\/wp-content\/uploads\/2025\/04\/gloriasacasas-slider.png\" data-libid=\"5471\" data-lib=\"medialibrary\" title=\"gloriasacasas-slider\" width=\"0\" height=\"0\" data-dbsrc=\"Ly93d3cuZ2xvcmlhc2FjYXNhcy5jb20vd3AtY29udGVudC91cGxvYWRzLzIwMjUvMDQvZ2xvcmlhc2FjYXNhcy1zbGlkZXIucG5n\"\/>\n\t\t\t\t\t<\/image_lists>\n\t\t\t\t<\/sr7-module>\n\t\t\t\t<script>\n\t\t\t\t\tSR7.PMH ??={}; SR7.PMH[\"SR7_15_1\"] = {cn:100,state:false,fn: function() { if (_tpt!==undefined && _tpt.prepareModuleHeight !== undefined) {  _tpt.prepareModuleHeight({id:\"SR7_15_1\",el:[600,600,768,960,720],type:'standard',shdw:'0',gh:[600,600,495,376,232],gw:[1240,1240,1024,778,480],vpt:['-100px'],size:{fullWidth:true, fullHeight:false},mh:'0',onh:0,onw:0,bg:{color:'{\"orig\":\"transparent\",\"type\":\"solid\",\"string\":\"transparent\"}'}});   SR7.PMH[\"SR7_15_1\"].state=true;} else if(SR7.PMH[\"SR7_15_1\"].cn-->0)\tsetTimeout( SR7.PMH[\"SR7_15_1\"].fn,19);}};SR7.PMH[\"SR7_15_1\" ].fn();\n\t\t\t\t<\/script>\n[\/vc_column][\/vc_row][\/vc_section][vc_section full_width=&#8221;&#8221;][vc_row full_width=&#8221;&#8221;][vc_column width=&#8221;1\/2&#8243;]<style type=\"text\/css\">#ut_custom_heading69fb35a740904 { color:rgb(4, 172, 175); }#ut_custom_heading69fb35a740904 { font-family: \"Montserrat\";font-weight:700;font-style:normal; }#ut_custom_heading69fb35a740904 { font-size:30px !important; }#ut_custom_heading69fb35a740904 { text-align:left; }@media (min-width: 768px) and (max-width: 1024px) { #ut_custom_heading69fb35a740904 { text-align:left; } }@media (max-width: 767px) { #ut_custom_heading69fb35a740904 { text-align:left; } }<\/style><h1 id=\"ut_custom_heading69fb35a740904\" data-responsive-font=\"h1\" data-responsive-font-settings=\"{&quot;base-font-size&quot;:&quot;global&quot;,&quot;font-size&quot;:{&quot;desktop_large&quot;:&quot;30&quot;},&quot;base-line-height&quot;:&quot;global&quot;,&quot;base-letter-spacing&quot;:&quot;global&quot;}\" class=\"ut-custom-heading-module  \" ><span class=\"\" >LA MEVA FORMACI\u00d3<\/span><\/h1><div id=\"ut_fancy_divider_wrap69fb35a74bf2c\" class=\"wpb_content_element \"><style type=\"text\/css\">#ut_fancy_divider_69fb35a74bf2a:not(.bklyn-fancy-divider-animated) { width: 100%; }@media (max-width: 767px) { #ut_fancy_divider_69fb35a74bf2a { margin:0 auto; } }@media (min-width: 768px) and (max-width: 1024px) { #ut_fancy_divider_69fb35a74bf2a { margin:0 auto 0 0; } }@media (min-width: 1025px) { #ut_fancy_divider_69fb35a74bf2a { margin:0 auto 0 0; } }<\/style><div id=\"ut_fancy_divider_69fb35a74bf2a\" class=\"bklyn-fancy-divider  bklyn-fancy-divider-style-1\" ><\/div><\/div><div class=\"wpb_content_element \"><style class=\"bklyn-inline-styles\" type=\"text\/css\">#ut_fl_69fb35a74c9ff835543044.bklyn-fancy-list { font-size: 18px !important; }#ut_fl_69fb35a74c9ff835543044.bklyn-fancy-list { line-height: 28px !important; }#ut_fl_69fb35a74c9ff835543044 .fa { color: #04ACAF; }#ut_fl_69fb35a74c9ff835543044 a .fa { color: #04ACAF; }#ut_fl_69fb35a74c9ff835543044 a:visited .fa { color: #04ACAF; }#ut_fl_69fb35a74c9ff835543044 { color: #04ACAF; }#ut_fl_69fb35a74c9ff835543044 a { color: #04ACAF; }#ut_fl_69fb35a74c9ff835543044 a:visited { color: #04ACAF; }<\/style><div id=\"ut_fl_69fb35a74c9ff835543044\" class=\"bklyn-fancy-list  bklyn-fancy-list-left bklyn-fancy-list-tablet-left bklyn-fancy-list-mobile-center\"><ul class=\"bklyn-list bklyn-list-style-none\" data-appear-top-offset=\"almost\"><li class=\"bklyn-list-item-space-xsmall bklyn-fancy-list-item-has-icon bklyn-fancy-list-item-has-icon-center\"><i class=\"fa-solid fa-universal-access\"><\/i><div class=\"bklyn-fancy-list-content\"><span>Posgrado Educaci\u00f3n Emocional y Bienestar. (U.B) 2019<\/span><\/div><\/a><\/li><li class=\"bklyn-list-item-space-xsmall bklyn-fancy-list-item-has-icon bklyn-fancy-list-item-has-icon-center\"><i class=\"fa-solid fa-universal-access\"><\/i><div class=\"bklyn-fancy-list-content\"><span> Practitioner PNL (1. Gestalt) 2021<\/span><\/div><\/a><\/li><li class=\"bklyn-list-item-space-xsmall bklyn-fancy-list-item-has-icon bklyn-fancy-list-item-has-icon-center\"><i class=\"fa-solid fa-universal-access\"><\/i><div class=\"bklyn-fancy-list-content\"><span>CNV, Comunicaci\u00f3n No Violenta ( I.Gestalt) 2021<\/span><\/div><\/a><\/li><li class=\"bklyn-list-item-space-xsmall bklyn-fancy-list-item-has-icon bklyn-fancy-list-item-has-icon-center\"><i class=\"fa-solid fa-universal-access\"><\/i><div class=\"bklyn-fancy-list-content\"><span>Coaching por Valores (Zinquo) 2022<\/span><\/div><\/a><\/li><li class=\"bklyn-list-item-space-xsmall bklyn-fancy-list-item-has-icon bklyn-fancy-list-item-has-icon-center\"><i class=\"fa-solid fa-universal-access\"><\/i><div class=\"bklyn-fancy-list-content\"><span>Coaching de Equipos (1. Gestalt.) (2023)<\/span><\/div><\/a><\/li><li class=\"bklyn-list-item-space-xsmall bklyn-fancy-list-item-has-icon bklyn-fancy-list-item-has-icon-center\"><i class=\"fa-solid fa-universal-access\"><\/i><div class=\"bklyn-fancy-list-content\"><span>Coaching Wingwave (l. Gestalt) 2023<\/span><\/div><\/a><\/li><li class=\"bklyn-list-item-space-xsmall bklyn-fancy-list-item-has-icon bklyn-fancy-list-item-has-icon-center\"><i class=\"fa-solid fa-universal-access\"><\/i><div class=\"bklyn-fancy-list-content\"><span>M\u00e1ster Coaching y liderazgo Personal (U.B) 2024<\/span><\/div><\/a><\/li><li class=\"bklyn-list-item-space-xsmall\"><\/a><\/li><\/ul><\/div><\/div>[\/vc_column][vc_column width=&#8221;1\/2&#8243;]<style type=\"text\/css\">#ut_custom_heading69fb35a74cae5 { color:rgb(4, 172, 175); }#ut_custom_heading69fb35a74cae5 { font-family: \"Montserrat\";font-weight:700;font-style:normal; }#ut_custom_heading69fb35a74cae5 { font-size:30px !important; }#ut_custom_heading69fb35a74cae5 { text-align:left; }@media (min-width: 768px) and (max-width: 1024px) { #ut_custom_heading69fb35a74cae5 { text-align:left; } }@media (max-width: 767px) { #ut_custom_heading69fb35a74cae5 { text-align:left; } }<\/style><h1 id=\"ut_custom_heading69fb35a74cae5\" data-responsive-font=\"h1\" data-responsive-font-settings=\"{&quot;base-font-size&quot;:&quot;global&quot;,&quot;font-size&quot;:{&quot;desktop_large&quot;:&quot;30&quot;},&quot;base-line-height&quot;:&quot;global&quot;,&quot;base-letter-spacing&quot;:&quot;global&quot;}\" class=\"ut-custom-heading-module  \" ><span class=\"\" >LA MEVA EXPERI\u00c8NCIA<\/span><\/h1><div id=\"ut_fancy_divider_wrap69fb35a74cb6a\" class=\"wpb_content_element \"><style type=\"text\/css\">#ut_fancy_divider_69fb35a74cb69:not(.bklyn-fancy-divider-animated) { width: 100%; }@media (max-width: 767px) { #ut_fancy_divider_69fb35a74cb69 { margin:0 auto; } }@media (min-width: 768px) and (max-width: 1024px) { #ut_fancy_divider_69fb35a74cb69 { margin:0 auto 0 0; } }@media (min-width: 1025px) { #ut_fancy_divider_69fb35a74cb69 { margin:0 auto 0 0; } }<\/style><div id=\"ut_fancy_divider_69fb35a74cb69\" class=\"bklyn-fancy-divider  bklyn-fancy-divider-style-1\" ><\/div><\/div><div class=\"wpb_content_element \"><style class=\"bklyn-inline-styles\" type=\"text\/css\">#ut_fl_69fb35a74d63a348002464.bklyn-fancy-list { font-size: 18px !important; }#ut_fl_69fb35a74d63a348002464.bklyn-fancy-list { line-height: 28px !important; }#ut_fl_69fb35a74d63a348002464 .fa { color: #04ACAF; }#ut_fl_69fb35a74d63a348002464 a .fa { color: #04ACAF; }#ut_fl_69fb35a74d63a348002464 a:visited .fa { color: #04ACAF; }#ut_fl_69fb35a74d63a348002464 { color: #04ACAF; }#ut_fl_69fb35a74d63a348002464 a { color: #04ACAF; }#ut_fl_69fb35a74d63a348002464 a:visited { color: #04ACAF; }<\/style><div id=\"ut_fl_69fb35a74d63a348002464\" class=\"bklyn-fancy-list  bklyn-fancy-list-left bklyn-fancy-list-tablet-left bklyn-fancy-list-mobile-center\"><ul class=\"bklyn-list bklyn-list-style-none\" data-appear-top-offset=\"almost\"><li class=\"bklyn-list-item-space-xsmall bklyn-fancy-list-item-has-icon bklyn-fancy-list-item-has-icon-center\"><i class=\"fa-solid fa-universal-access\"><\/i><div class=\"bklyn-fancy-list-content\"><span> Sessions individuals format en l\u00ednia i presencial.<\/span><\/div><\/a><\/li><li class=\"bklyn-list-item-space-xsmall bklyn-fancy-list-item-has-icon bklyn-fancy-list-item-has-icon-center\"><i class=\"fa-solid fa-universal-access\"><\/i><div class=\"bklyn-fancy-list-content\"><span> Programes d'Educaci\u00f3 emocional per a claustres d'escoles i centres de formaci\u00f3.<\/span><\/div><\/a><\/li><li class=\"bklyn-list-item-space-xsmall bklyn-fancy-list-item-has-icon bklyn-fancy-list-item-has-icon-center\"><i class=\"fa-solid fa-universal-access\"><\/i><div class=\"bklyn-fancy-list-content\"><span> Programes per a l'alumnat d'escoles i particulars.<\/span><\/div><\/a><\/li><li class=\"bklyn-list-item-space-xsmall bklyn-fancy-list-item-has-icon bklyn-fancy-list-item-has-icon-center\"><i class=\"fa-solid fa-universal-access\"><\/i><div class=\"bklyn-fancy-list-content\"><span>Programa de gesti\u00f3 d'equips en ambients laborals.<\/span><\/div><\/a><\/li><\/ul><\/div><\/div>[\/vc_column][\/vc_row][vc_row content_placement=&#8221;middle&#8221;][vc_column width=&#8221;1\/2&#8243;]<div  class=\"wpb_content_element   clearfix\"><style type=\"text\/css\">#ut_am_69fb35a74e16e { opacity: 1; }#ut_am_wrap_69fb35a74e16f .ut-image-gallery-item-caption-title h3 { letter-spacing: 0em; }#ut_am_wrap_69fb35a74e16f .ut-gallery-slider-caption { font-weight: bold; }#ut_am_wrap_69fb35a74e16f { text-align: center; }@media (min-width: 768px) and (max-width: 1024px) { #ut_am_wrap_69fb35a74e16f { text-align: center !important; } }@media (max-width: 767px) { #ut_am_wrap_69fb35a74e16f { text-align: center !important; } }<\/style><div id=\"ut_am_wrap_69fb35a74e16f\" class=\"ut-image-gallery-image \"><div id=\"ut_reveal_69fb35a74e170\"  data-appear-top-offset=\"auto\" class=\"ut-animated-image-item ut-image-gallery-item ut-animation-done \"><a class=\"ut-deactivated-link\" href=\"#\"><div class=\"ut-animated-image-zoom\"><img loading=\"lazy\" decoding=\"async\" class=\"ut-lazy skip-lazy ut-animated-image \"  id=\"ut_am_69fb35a74e16e\" src=\"data:image\/svg+xml;charset=utf-8,%3Csvg xmlns%3D'http%3A%2F%2Fwww.w3.org%2F2000%2Fsvg' viewBox%3D'0 0 362 252'%2F%3E\" data-src=\"https:\/\/www.gloriasacasas.com\/wp-content\/uploads\/2025\/03\/kokoro.jpg\" width=\"362\" height=\"252\" alt=\"\"\/><\/div><\/a><\/div><\/div><\/div>[\/vc_column][vc_column width=&#8221;1\/2&#8243;][vc_column_text]Co-fundadora\u00a0de\u00a0Kokoro\u00a0Consulting\u00a0al costat de Flor Aparicio\u00a0Pakman, una\u00a0consultoria\u00a0espcializada\u00a0en el\u00a0Helping\u00a0Business\u00a0Teams.<\/p>\n<p>Ajudem els equips de treball a desbloquejar el seu m\u00e0xim rendiment, potenciant el benestar emocional, la cohesi\u00f3 i la motivaci\u00f3 per a aconseguir resultats extraordianris.[\/vc_column_text][\/vc_column][\/vc_row][\/vc_section][vc_section full_width=&#8221;&#8221; css=&#8221;.vc_custom_1742033487808{background-image: url(https:\/\/www.gloriasacasas.com\/wp-content\/uploads\/2025\/03\/raices.webp?id=5145) !important;}&#8221;][vc_row full_width=&#8221;&#8221;][vc_column]<style type=\"text\/css\">#ut_custom_heading69fb35a74e267 { color:#ffffff; }#ut_custom_heading69fb35a74e267 span { background:rgba(54, 54, 54, 0.5); }#ut_custom_heading69fb35a74e267 span { padding:0.175em; }#ut_custom_heading69fb35a74e267 { font-family: \"Dancing Script\";font-weight:600;font-style:normal; }#ut_custom_heading69fb35a74e267 { font-size:25px !important;line-height:43px !important; }#ut_custom_heading69fb35a74e267 { text-align:center; }@media (min-width: 768px) and (max-width: 1024px) { #ut_custom_heading69fb35a74e267 { text-align:center; } }@media (max-width: 767px) { #ut_custom_heading69fb35a74e267 { text-align:center; } }<\/style><h1 id=\"ut_custom_heading69fb35a74e267\" data-responsive-font=\"h1\" data-responsive-font-settings=\"{&quot;base-font-size&quot;:&quot;25&quot;,&quot;font-size-unit&quot;:&quot;px&quot;,&quot;font-size&quot;:{&quot;desktop_large&quot;:&quot;25&quot;},&quot;base-line-height&quot;:&quot;43&quot;,&quot;line-height-unit&quot;:&quot;px&quot;,&quot;line-height&quot;:{&quot;desktop_large&quot;:&quot;43&quot;},&quot;base-letter-spacing&quot;:&quot;global&quot;}\" class=\"ut-custom-heading-module  \" ><span class=\"\" >Acompanyar i ajudar persones que volen superar els seus l\u00edmits a trav\u00e9s de la llibertat i sempre des del respecte cap als seus valors i identitat, \u00e9s la m\u00e9s gran de les meves motivacions.<\/span><\/h1>[\/vc_column][\/vc_row][\/vc_section][vc_section full_width=&#8221;stretch_row_content&#8221;][vc_row][vc_column][vc_empty_space height=&#8221;80px&#8221;]<style type=\"text\/css\">#ut_custom_heading69fb35a74e32d { color:#04acaf; }#ut_custom_heading69fb35a74e32d { font-family: \"Dancing Script\";font-weight:600;font-style:normal; }#ut_custom_heading69fb35a74e32d { font-size:110px !important; }#ut_custom_heading69fb35a74e32d { text-align:center; }@media (min-width: 768px) and (max-width: 1024px) { #ut_custom_heading69fb35a74e32d { text-align:center; } }@media (max-width: 767px) { #ut_custom_heading69fb35a74e32d { text-align:center; } }<\/style><h1 id=\"ut_custom_heading69fb35a74e32d\" data-responsive-font=\"h1\" data-responsive-font-settings=\"{&quot;base-font-size&quot;:&quot;110&quot;,&quot;font-size-unit&quot;:&quot;px&quot;,&quot;font-size&quot;:{&quot;desktop_large&quot;:&quot;110&quot;},&quot;base-line-height&quot;:&quot;global&quot;,&quot;base-letter-spacing&quot;:&quot;global&quot;}\" class=\"ut-custom-heading-module  \" ><span class=\"\" >\u00a1\u00a1 Descobreix, lidera&#8217;t, viu !<\/span><\/h1>[\/vc_column][\/vc_row][\/vc_section][vc_section][vc_row][vc_column][vc_empty_space height=&#8221;100px&#8221;][\/vc_column][\/vc_row][\/vc_section]<\/p>\n<\/div>","protected":false},"excerpt":{"rendered":"<p>[vc_section full_width=&#8221;stretch_row_content&#8221; css=&#8221;.vc_custom_1741900319021{margin-top: 0px !important;padding-top: 0px !important;}&#8221;][vc_row full_width=&#8221;stretch_row_content_no_spaces&#8221;][vc_column][\/vc_column][\/vc_row][\/vc_section][vc_section full_width=&#8221;&#8221;][vc_row full_width=&#8221;&#8221;][vc_column width=&#8221;1\/2&#8243;][\/vc_column][vc_column width=&#8221;1\/2&#8243;][\/vc_column][\/vc_row][vc_row content_placement=&#8221;middle&#8221;][vc_column width=&#8221;1\/2&#8243;][\/vc_column][vc_column width=&#8221;1\/2&#8243;][vc_column_text]Co-fundadora\u00a0de\u00a0Kokoro\u00a0Consulting\u00a0al costat de Flor Aparicio\u00a0Pakman, una\u00a0consultoria\u00a0espcializada\u00a0en el\u00a0Helping\u00a0Business\u00a0Teams. Ajudem els equips de treball a desbloquejar el seu m\u00e0xim rendiment, potenciant el benestar emocional, la cohesi\u00f3 i la motivaci\u00f3 per a aconseguir resultats extraordianris.[\/vc_column_text][\/vc_column][\/vc_row][\/vc_section][vc_section full_width=&#8221;&#8221; css=&#8221;.vc_custom_1742033487808{background-image: url(https:\/\/www.gloriasacasas.com\/wp-content\/uploads\/2025\/03\/raices.webp?id=5145) !important;}&#8221;][vc_row full_width=&#8221;&#8221;][vc_column][\/vc_column][\/vc_row][\/vc_section][vc_section full_width=&#8221;stretch_row_content&#8221;][vc_row][vc_column][vc_empty_space height=&#8221;80px&#8221;][\/vc_column][\/vc_row][\/vc_section][vc_section][vc_row][vc_column][vc_empty_space height=&#8221;100px&#8221;][\/vc_column][\/vc_row][\/vc_section]<\/p>\n","protected":false},"author":1,"featured_media":0,"parent":0,"menu_order":0,"comment_status":"closed","ping_status":"closed","template":"","meta":{"footnotes":""},"class_list":["post-5407","page","type-page","status-publish","hentry"],"yoast_head":"<!-- This site is optimized with the Yoast SEO plugin v27.5 - https:\/\/yoast.com\/product\/yoast-seo-wordpress\/ -->\n<title>M\u00e9s sombre mi - Gloria Sacasas Coaching<\/title>\n<meta name=\"robots\" content=\"index, follow, max-snippet:-1, max-image-preview:large, max-video-preview:-1\" \/>\n<link rel=\"canonical\" href=\"https:\/\/www.gloriasacasas.com\/ca\/mes-sombre-mi\/\" \/>\n<meta property=\"og:locale\" content=\"ca_ES\" \/>\n<meta property=\"og:type\" content=\"article\" \/>\n<meta property=\"og:title\" content=\"M\u00e9s sombre mi - Gloria Sacasas Coaching\" \/>\n<meta property=\"og:description\" content=\"[vc_section full_width=&#8221;stretch_row_content&#8221; css=&#8221;.vc_custom_1741900319021{margin-top: 0px !important;padding-top: 0px !important;}&#8221;][vc_row full_width=&#8221;stretch_row_content_no_spaces&#8221;][vc_column][\/vc_column][\/vc_row][\/vc_section][vc_section full_width=&#8221;&#8221;][vc_row full_width=&#8221;&#8221;][vc_column width=&#8221;1\/2&#8243;][\/vc_column][vc_column width=&#8221;1\/2&#8243;][\/vc_column][\/vc_row][vc_row content_placement=&#8221;middle&#8221;][vc_column width=&#8221;1\/2&#8243;][\/vc_column][vc_column width=&#8221;1\/2&#8243;][vc_column_text]Co-fundadora\u00a0de\u00a0Kokoro\u00a0Consulting\u00a0al costat de Flor Aparicio\u00a0Pakman, una\u00a0consultoria\u00a0espcializada\u00a0en el\u00a0Helping\u00a0Business\u00a0Teams. Ajudem els equips de treball a desbloquejar el seu m\u00e0xim rendiment, potenciant el benestar emocional, la cohesi\u00f3 i la motivaci\u00f3 per a aconseguir resultats extraordianris.[\/vc_column_text][\/vc_column][\/vc_row][\/vc_section][vc_section full_width=&#8221;&#8221; css=&#8221;.vc_custom_1742033487808{background-image: url(https:\/\/www.gloriasacasas.com\/wp-content\/uploads\/2025\/03\/raices.webp?id=5145) !important;}&#8221;][vc_row full_width=&#8221;&#8221;][vc_column][\/vc_column][\/vc_row][\/vc_section][vc_section full_width=&#8221;stretch_row_content&#8221;][vc_row][vc_column][vc_empty_space height=&#8221;80px&#8221;][\/vc_column][\/vc_row][\/vc_section][vc_section][vc_row][vc_column][vc_empty_space height=&#8221;100px&#8221;][\/vc_column][\/vc_row][\/vc_section]\" \/>\n<meta property=\"og:url\" content=\"https:\/\/www.gloriasacasas.com\/ca\/mes-sombre-mi\/\" \/>\n<meta property=\"og:site_name\" content=\"Gloria Sacasas Coaching\" \/>\n<meta property=\"article:modified_time\" content=\"2025-05-11T17:23:45+00:00\" \/>\n<meta name=\"twitter:card\" content=\"summary_large_image\" \/>\n<meta name=\"twitter:label1\" content=\"Temps estimat de lectura\" \/>\n\t<meta name=\"twitter:data1\" content=\"1 minut\" \/>\n<script type=\"application\/ld+json\" class=\"yoast-schema-graph\">{\"@context\":\"https:\\\/\\\/schema.org\",\"@graph\":[{\"@type\":\"WebPage\",\"@id\":\"https:\\\/\\\/www.gloriasacasas.com\\\/ca\\\/mes-sombre-mi\\\/\",\"url\":\"https:\\\/\\\/www.gloriasacasas.com\\\/ca\\\/mes-sombre-mi\\\/\",\"name\":\"M\u00e9s sombre mi - Gloria Sacasas Coaching\",\"isPartOf\":{\"@id\":\"https:\\\/\\\/www.gloriasacasas.com\\\/ca\\\/#website\"},\"datePublished\":\"2025-03-14T19:18:10+00:00\",\"dateModified\":\"2025-05-11T17:23:45+00:00\",\"breadcrumb\":{\"@id\":\"https:\\\/\\\/www.gloriasacasas.com\\\/ca\\\/mes-sombre-mi\\\/#breadcrumb\"},\"inLanguage\":\"ca\",\"potentialAction\":[{\"@type\":\"ReadAction\",\"target\":[\"https:\\\/\\\/www.gloriasacasas.com\\\/ca\\\/mes-sombre-mi\\\/\"]}]},{\"@type\":\"BreadcrumbList\",\"@id\":\"https:\\\/\\\/www.gloriasacasas.com\\\/ca\\\/mes-sombre-mi\\\/#breadcrumb\",\"itemListElement\":[{\"@type\":\"ListItem\",\"position\":1,\"name\":\"Portada\",\"item\":\"https:\\\/\\\/www.gloriasacasas.com\\\/ca\\\/\"},{\"@type\":\"ListItem\",\"position\":2,\"name\":\"M\u00e9s sombre mi\"}]},{\"@type\":\"WebSite\",\"@id\":\"https:\\\/\\\/www.gloriasacasas.com\\\/ca\\\/#website\",\"url\":\"https:\\\/\\\/www.gloriasacasas.com\\\/ca\\\/\",\"name\":\"Gloria Sacasas Coaching\",\"description\":\"Coaching Barcelona\",\"publisher\":{\"@id\":\"https:\\\/\\\/www.gloriasacasas.com\\\/ca\\\/#organization\"},\"potentialAction\":[{\"@type\":\"SearchAction\",\"target\":{\"@type\":\"EntryPoint\",\"urlTemplate\":\"https:\\\/\\\/www.gloriasacasas.com\\\/ca\\\/?s={search_term_string}\"},\"query-input\":{\"@type\":\"PropertyValueSpecification\",\"valueRequired\":true,\"valueName\":\"search_term_string\"}}],\"inLanguage\":\"ca\"},{\"@type\":\"Organization\",\"@id\":\"https:\\\/\\\/www.gloriasacasas.com\\\/ca\\\/#organization\",\"name\":\"Gloria Sacasas Coaching\",\"url\":\"https:\\\/\\\/www.gloriasacasas.com\\\/ca\\\/\",\"logo\":{\"@type\":\"ImageObject\",\"inLanguage\":\"ca\",\"@id\":\"https:\\\/\\\/www.gloriasacasas.com\\\/ca\\\/#\\\/schema\\\/logo\\\/image\\\/\",\"url\":\"https:\\\/\\\/www.gloriasacasas.com\\\/wp-content\\\/uploads\\\/2025\\\/02\\\/favicon.png\",\"contentUrl\":\"https:\\\/\\\/www.gloriasacasas.com\\\/wp-content\\\/uploads\\\/2025\\\/02\\\/favicon.png\",\"width\":198,\"height\":254,\"caption\":\"Gloria Sacasas Coaching\"},\"image\":{\"@id\":\"https:\\\/\\\/www.gloriasacasas.com\\\/ca\\\/#\\\/schema\\\/logo\\\/image\\\/\"},\"sameAs\":[\"https:\\\/\\\/www.instagram.com\\\/gloria_coaching\\\/\"]}]}<\/script>\n<!-- \/ Yoast SEO plugin. -->","yoast_head_json":{"title":"M\u00e9s sombre mi - Gloria Sacasas Coaching","robots":{"index":"index","follow":"follow","max-snippet":"max-snippet:-1","max-image-preview":"max-image-preview:large","max-video-preview":"max-video-preview:-1"},"canonical":"https:\/\/www.gloriasacasas.com\/ca\/mes-sombre-mi\/","og_locale":"ca_ES","og_type":"article","og_title":"M\u00e9s sombre mi - Gloria Sacasas Coaching","og_description":"[vc_section full_width=&#8221;stretch_row_content&#8221; css=&#8221;.vc_custom_1741900319021{margin-top: 0px !important;padding-top: 0px !important;}&#8221;][vc_row full_width=&#8221;stretch_row_content_no_spaces&#8221;][vc_column][\/vc_column][\/vc_row][\/vc_section][vc_section full_width=&#8221;&#8221;][vc_row full_width=&#8221;&#8221;][vc_column width=&#8221;1\/2&#8243;][\/vc_column][vc_column width=&#8221;1\/2&#8243;][\/vc_column][\/vc_row][vc_row content_placement=&#8221;middle&#8221;][vc_column width=&#8221;1\/2&#8243;][\/vc_column][vc_column width=&#8221;1\/2&#8243;][vc_column_text]Co-fundadora\u00a0de\u00a0Kokoro\u00a0Consulting\u00a0al costat de Flor Aparicio\u00a0Pakman, una\u00a0consultoria\u00a0espcializada\u00a0en el\u00a0Helping\u00a0Business\u00a0Teams. Ajudem els equips de treball a desbloquejar el seu m\u00e0xim rendiment, potenciant el benestar emocional, la cohesi\u00f3 i la motivaci\u00f3 per a aconseguir resultats extraordianris.[\/vc_column_text][\/vc_column][\/vc_row][\/vc_section][vc_section full_width=&#8221;&#8221; css=&#8221;.vc_custom_1742033487808{background-image: url(https:\/\/www.gloriasacasas.com\/wp-content\/uploads\/2025\/03\/raices.webp?id=5145) !important;}&#8221;][vc_row full_width=&#8221;&#8221;][vc_column][\/vc_column][\/vc_row][\/vc_section][vc_section full_width=&#8221;stretch_row_content&#8221;][vc_row][vc_column][vc_empty_space height=&#8221;80px&#8221;][\/vc_column][\/vc_row][\/vc_section][vc_section][vc_row][vc_column][vc_empty_space height=&#8221;100px&#8221;][\/vc_column][\/vc_row][\/vc_section]","og_url":"https:\/\/www.gloriasacasas.com\/ca\/mes-sombre-mi\/","og_site_name":"Gloria Sacasas Coaching","article_modified_time":"2025-05-11T17:23:45+00:00","twitter_card":"summary_large_image","twitter_misc":{"Temps estimat de lectura":"1 minut"},"schema":{"@context":"https:\/\/schema.org","@graph":[{"@type":"WebPage","@id":"https:\/\/www.gloriasacasas.com\/ca\/mes-sombre-mi\/","url":"https:\/\/www.gloriasacasas.com\/ca\/mes-sombre-mi\/","name":"M\u00e9s sombre mi - Gloria Sacasas Coaching","isPartOf":{"@id":"https:\/\/www.gloriasacasas.com\/ca\/#website"},"datePublished":"2025-03-14T19:18:10+00:00","dateModified":"2025-05-11T17:23:45+00:00","breadcrumb":{"@id":"https:\/\/www.gloriasacasas.com\/ca\/mes-sombre-mi\/#breadcrumb"},"inLanguage":"ca","potentialAction":[{"@type":"ReadAction","target":["https:\/\/www.gloriasacasas.com\/ca\/mes-sombre-mi\/"]}]},{"@type":"BreadcrumbList","@id":"https:\/\/www.gloriasacasas.com\/ca\/mes-sombre-mi\/#breadcrumb","itemListElement":[{"@type":"ListItem","position":1,"name":"Portada","item":"https:\/\/www.gloriasacasas.com\/ca\/"},{"@type":"ListItem","position":2,"name":"M\u00e9s sombre mi"}]},{"@type":"WebSite","@id":"https:\/\/www.gloriasacasas.com\/ca\/#website","url":"https:\/\/www.gloriasacasas.com\/ca\/","name":"Gloria Sacasas Coaching","description":"Coaching Barcelona","publisher":{"@id":"https:\/\/www.gloriasacasas.com\/ca\/#organization"},"potentialAction":[{"@type":"SearchAction","target":{"@type":"EntryPoint","urlTemplate":"https:\/\/www.gloriasacasas.com\/ca\/?s={search_term_string}"},"query-input":{"@type":"PropertyValueSpecification","valueRequired":true,"valueName":"search_term_string"}}],"inLanguage":"ca"},{"@type":"Organization","@id":"https:\/\/www.gloriasacasas.com\/ca\/#organization","name":"Gloria Sacasas Coaching","url":"https:\/\/www.gloriasacasas.com\/ca\/","logo":{"@type":"ImageObject","inLanguage":"ca","@id":"https:\/\/www.gloriasacasas.com\/ca\/#\/schema\/logo\/image\/","url":"https:\/\/www.gloriasacasas.com\/wp-content\/uploads\/2025\/02\/favicon.png","contentUrl":"https:\/\/www.gloriasacasas.com\/wp-content\/uploads\/2025\/02\/favicon.png","width":198,"height":254,"caption":"Gloria Sacasas Coaching"},"image":{"@id":"https:\/\/www.gloriasacasas.com\/ca\/#\/schema\/logo\/image\/"},"sameAs":["https:\/\/www.instagram.com\/gloria_coaching\/"]}]}},"_links":{"self":[{"href":"https:\/\/www.gloriasacasas.com\/ca\/wp-json\/wp\/v2\/pages\/5407","targetHints":{"allow":["GET"]}}],"collection":[{"href":"https:\/\/www.gloriasacasas.com\/ca\/wp-json\/wp\/v2\/pages"}],"about":[{"href":"https:\/\/www.gloriasacasas.com\/ca\/wp-json\/wp\/v2\/types\/page"}],"author":[{"embeddable":true,"href":"https:\/\/www.gloriasacasas.com\/ca\/wp-json\/wp\/v2\/users\/1"}],"replies":[{"embeddable":true,"href":"https:\/\/www.gloriasacasas.com\/ca\/wp-json\/wp\/v2\/comments?post=5407"}],"version-history":[{"count":10,"href":"https:\/\/www.gloriasacasas.com\/ca\/wp-json\/wp\/v2\/pages\/5407\/revisions"}],"predecessor-version":[{"id":5512,"href":"https:\/\/www.gloriasacasas.com\/ca\/wp-json\/wp\/v2\/pages\/5407\/revisions\/5512"}],"wp:attachment":[{"href":"https:\/\/www.gloriasacasas.com\/ca\/wp-json\/wp\/v2\/media?parent=5407"}],"curies":[{"name":"wp","href":"https:\/\/api.w.org\/{rel}","templated":true}]}}